{"id":71,"date":"2026-03-18T11:17:00","date_gmt":"2026-03-18T10:17:00","guid":{"rendered":"https:\/\/wp06.btsndrc-ifce.fr\/?page_id=71"},"modified":"2026-03-18T11:42:55","modified_gmt":"2026-03-18T10:42:55","slug":"accueil-2","status":"publish","type":"page","link":"https:\/\/wp06.btsndrc-ifce.fr\/","title":{"rendered":"accueil"},"content":{"rendered":"\n<div class=\"wp-block-cover alignfull is-repeated wp-duotone-unset-1\" style=\"margin-top:0;margin-bottom:0;padding-top:var(--wp--preset--spacing--80);padding-bottom:var(--wp--preset--spacing--80);min-height:800px;aspect-ratio:unset;\"><div role=\"img\" aria-label=\"crossing, crosswalk, transition, road, city, people, person, old young, life, crossing, crosswalk, crosswalk, crosswalk, crosswalk, transition, transition, transition, transition, transition, road, life\" class=\"wp-block-cover__image-background wp-image-76 size-large is-repeated\" style=\"background-position:50% 50%;background-image:url(https:\/\/wp06.btsndrc-ifce.fr\/wp-content\/uploads\/2026\/03\/ge66d3603627d98a01554b3a7cd530be66a06d74fc92d99a774c9d92a0745cd56907e5bd06367a132ac8bb13b2b9aa79cc128ea3a096b4fc04adbebcaf38bd803_1280-4860035-1024x654.jpg)\"><\/div><span aria-hidden=\"true\" class=\"wp-block-cover__background has-background-dim-60 has-background-dim\" style=\"background-color:#626f77\"><\/span><div class=\"wp-block-cover__inner-container is-layout-flow wp-block-cover-is-layout-flow\">\n<h1 class=\"wp-block-heading alignwide has-text-color\" style=\"color:#ffe074;font-size:64px\">For\u00eat.<\/h1>\n\n\n\n<div class=\"wp-block-columns alignwide is-layout-flex wp-container-core-columns-is-layout-28f84493 wp-block-columns-is-layout-flex\">\n<div class=\"wp-block-column is-layout-flow wp-block-column-is-layout-flow\" style=\"flex-basis:55%\">\n<div style=\"height:330px\" aria-hidden=\"true\" class=\"wp-block-spacer\"><\/div>\n\n\n\n<p class=\"has-text-color\" style=\"color:#ffe074;font-size:12px;line-height:1.3\"><em>M\u00eame un enfant sait combien la for\u00eat est pr\u00e9cieuse. L\u2019odeur fra\u00eeche des arbres, \u00e0 vous couper le souffle. L\u2019\u00e9cho des oiseaux volant au-dessus de cette magnitude dense. Un climat stable, une vie durable et diversifi\u00e9e et une source de culture. Pourtant, les for\u00eats et d\u2019autres \u00e9cosyst\u00e8mes sont en p\u00e9ril, menac\u00e9s de devenir des terres de culture, des p\u00e2turaes ou des plantations.<\/em><\/p>\n<\/div>\n\n\n\n<div class=\"wp-block-column is-layout-flow wp-block-column-is-layout-flow\"><\/div>\n<\/div>\n<\/div><\/div>\n\n\n\n<div class=\"wp-block-uagb-container uagb-block-28258606 alignfull uagb-is-root-container\"><div class=\"uagb-container-inner-blocks-wrap\">\n<div class=\"wp-block-uagb-container uagb-block-37271ce0\">\n<div class=\"wp-block-uagb-advanced-heading uagb-block-37bb46b1\"><h2 class=\"uagb-heading-text\">GROS NEZ <\/h2><\/div>\n\n\n\n<div class=\"wp-block-uagb-image uagb-block-1d368914 wp-block-uagb-image--layout-default wp-block-uagb-image--effect-static wp-block-uagb-image--align-none\"><figure class=\"wp-block-uagb-image__figure\"><img decoding=\"async\" srcset=\"https:\/\/wp06.btsndrc-ifce.fr\/wp-content\/uploads\/2026\/03\/IMG_9763-768x1024.jpeg ,https:\/\/wp06.btsndrc-ifce.fr\/wp-content\/uploads\/2026\/03\/IMG_9763.jpeg 780w, https:\/\/wp06.btsndrc-ifce.fr\/wp-content\/uploads\/2026\/03\/IMG_9763.jpeg 360w\" sizes=\"auto, (max-width: 480px) 150px\" src=\"https:\/\/wp06.btsndrc-ifce.fr\/wp-content\/uploads\/2026\/03\/IMG_9763-768x1024.jpeg\" alt=\"\" class=\"uag-image-79\" width=\"1876\" height=\"2500\" title=\"IMG_9763\" loading=\"lazy\" role=\"img\"\/><\/figure><\/div>\n<\/div>\n\n\n\n<div class=\"wp-block-uagb-container uagb-block-409ca05b\">\n<div class=\"wp-block-uagb-advanced-heading uagb-block-09892771\"><h2 class=\"uagb-heading-text\">MAISON <\/h2><\/div>\n\n\n\t\t\t<div \n\t\t\tclass=\"wp-block-uagb-google-map uagb-google-map__wrap uagb-block-b41b9d01     \"\n\t\t\tstyle=\"\" >\n\t\t\t\t<embed\n\t\t\t\t\tclass=\"uagb-google-map__iframe\"\n\t\t\t\t\ttitle=\"Carte Google pour \"\n\t\t\t\t\tsrc=\"https:\/\/maps.google.com\/maps?q=50%20allee%20de%20la%20robertsau&#038;z=12&#038;hl=en&#038;t=m&#038;output=embed&#038;iwloc=near\"\n\t\t\t\t\twidth=\"640\"\n\t\t\t\t\theight=\"300\"\n\t\t\t\t\tloading=\"lazy\"\n\t\t\t\t><\/embed>\n\t\t\t<\/div>\n\t\t\t<\/div>\n<\/div><\/div>\n\n\n\n<div class=\"wp-block-uagb-container uagb-block-d0264b4a alignfull uagb-is-root-container\"><div class=\"uagb-container-inner-blocks-wrap\">\n<div class=\"wp-block-uagb-container uagb-block-e22a8e18\">\n<div class=\"wp-block-uagb-info-box uagb-block-5bf43da3 uagb-infobox__content-wrap  uagb-infobox-icon-above-title uagb-infobox-image-valign-top\"><div class=\"uagb-ifb-content\"><div class=\"uagb-ifb-icon-wrap\"><svg xmlns=\"https:\/\/www.w3.org\/2000\/svg\" viewBox=\"0 0 576 512\"><path d=\"M302.2 218.4c0 17.2-10.5 27.1-29 27.1h-24.3v-54.2h24.4c18.4 0 28.9 9.8 28.9 27.1zm47.5 62.6c0 8.3 7.2 13.7 18.5 13.7 14.4 0 25.2-9.1 25.2-21.9v-7.7l-23.5 1.5c-13.3 .9-20.2 5.8-20.2 14.4zM576 79v352c0 26.5-21.5 48-48 48H48c-26.5 0-48-21.5-48-48V79c0-26.5 21.5-48 48-48h480c26.5 0 48 21.5 48 48zM127.8 197.2c8.4 .7 16.8-4.2 22.1-10.4 5.2-6.4 8.6-15 7.7-23.7-7.4 .3-16.6 4.9-21.9 11.3-4.8 5.5-8.9 14.4-7.9 22.8zm60.6 74.5c-.2-.2-19.6-7.6-19.8-30-.2-18.7 15.3-27.7 16-28.2-8.8-13-22.4-14.4-27.1-14.7-12.2-.7-22.6 6.9-28.4 6.9-5.9 0-14.7-6.6-24.3-6.4-12.5 .2-24.2 7.3-30.5 18.6-13.1 22.6-3.4 56 9.3 74.4 6.2 9.1 13.7 19.1 23.5 18.7 9.3-.4 13-6 24.2-6 11.3 0 14.5 6 24.3 5.9 10.2-.2 16.5-9.1 22.8-18.2 6.9-10.4 9.8-20.4 10-21zm135.4-53.4c0-26.6-18.5-44.8-44.9-44.8h-51.2v136.4h21.2v-46.6h29.3c26.8 0 45.6-18.4 45.6-45zm90 23.7c0-19.7-15.8-32.4-40-32.4-22.5 0-39.1 12.9-39.7 30.5h19.1c1.6-8.4 9.4-13.9 20-13.9 13 0 20.2 6 20.2 17.2v7.5l-26.4 1.6c-24.6 1.5-37.9 11.6-37.9 29.1 0 17.7 13.7 29.4 33.4 29.4 13.3 0 25.6-6.7 31.2-17.4h.4V310h19.6v-68zM516 210.9h-21.5l-24.9 80.6h-.4l-24.9-80.6H422l35.9 99.3-1.9 6c-3.2 10.2-8.5 14.2-17.9 14.2-1.7 0-4.9-.2-6.2-.3v16.4c1.2 .4 6.5 .5 8.1 .5 20.7 0 30.4-7.9 38.9-31.8L516 210.9z\"><\/path><\/svg><\/div><div class=\"uagb-ifb-title-wrap\"><h3 class=\"uagb-ifb-title\">APPLE PAY<\/h3><\/div><p class=\"uagb-ifb-desc\">Click here to change this text. Lorem ipsum dolor sit amet, consectetur adipiscing elit. Ut elit tellus, luctus nec ullamcorper mattis, pulvinar dapibus leo.<\/p><\/div><\/div>\n<\/div>\n\n\n\n<div class=\"wp-block-uagb-container uagb-block-de74d154\">\n<div class=\"wp-block-uagb-info-box uagb-block-61e3c95e uagb-infobox__content-wrap  uagb-infobox-icon-above-title uagb-infobox-image-valign-top\"><div class=\"uagb-ifb-content\"><div class=\"uagb-ifb-icon-wrap\"><svg xmlns=\"https:\/\/www.w3.org\/2000\/svg\" viewBox=\"0 0 576 512\"><path d=\"M325.1 167.8c0-16.4-14.1-18.4-27.4-18.4l-39.1-.3v69.3H275v-25.1h18c18.4 0 14.5 10.3 14.8 25.1h16.6v-13.5c0-9.2-1.5-15.1-11-18.4 7.4-3 11.8-10.7 11.7-18.7zm-29.4 11.3H275v-15.3h21c5.1 0 10.7 1 10.7 7.4 0 6.6-5.3 7.9-11 7.9zM279 268.6h-52.7l-21 22.8-20.5-22.8h-66.5l-.1 69.3h65.4l21.3-23 20.4 23h32.2l.1-23.3c18.9 0 49.3 4.6 49.3-23.3 0-17.3-12.3-22.7-27.9-22.7zm-103.8 54.7h-40.6v-13.8h36.3v-14.1h-36.3v-12.5h41.7l17.9 20.2zm65.8 8.2l-25.3-28.1L241 276zm37.8-31h-21.2v-17.6h21.5c5.6 0 10.2 2.3 10.2 8.4 0 6.4-4.6 9.2-10.5 9.2zm-31.6-136.7v-14.6h-55.5v69.3h55.5v-14.3h-38.9v-13.8h37.8v-14.1h-37.8v-12.5zM576 255.4h-.2zm-194.6 31.9c0-16.4-14.1-18.7-27.1-18.7h-39.4l-.1 69.3h16.6l.1-25.3h17.6c11 0 14.8 2 14.8 13.8l-.1 11.5h16.6l.1-13.8c0-8.9-1.8-15.1-11-18.4 7.7-3.1 11.8-10.8 11.9-18.4zm-29.2 11.2h-20.7v-15.6h21c5.1 0 10.7 1 10.7 7.4 0 6.9-5.4 8.2-11 8.2zm-172.8-80v-69.3h-27.6l-19.7 47-21.7-47H83.3v65.7l-28.1-65.7H30.7L1 218.5h17.9l6.4-15.3h34.5l6.4 15.3H100v-54.2l24 54.2h14.6l24-54.2v54.2zM31.2 188.8l11.2-27.6 11.5 27.6zm477.4 158.9v-4.5c-10.8 5.6-3.9 4.5-156.7 4.5 0-25.2 .1-23.9 0-25.2-1.7-.1-3.2-.1-9.4-.1 0 17.9-.1 6.8-.1 25.3h-39.6c0-12.1 .1-15.3 .1-29.2-10 6-22.8 6.4-34.3 6.2 0 14.7-.1 8.3-.1 23h-48.9c-5.1-5.7-2.7-3.1-15.4-17.4-3.2 3.5-12.8 13.9-16.1 17.4h-82v-92.3h83.1c5 5.6 2.8 3.1 15.5 17.2 3.2-3.5 12.2-13.4 15.7-17.2h58c9.8 0 18 1.9 24.3 5.6v-5.6c54.3 0 64.3-1.4 75.7 5.1v-5.1h78.2v5.2c11.4-6.9 19.6-5.2 64.9-5.2v5c10.3-5.9 16.6-5.2 54.3-5V80c0-26.5-21.5-48-48-48h-480c-26.5 0-48 21.5-48 48v109.8c9.4-21.9 19.7-46 23.1-53.9h39.7c4.3 10.1 1.6 3.7 9 21.1v-21.1h46c2.9 6.2 11.1 24 13.9 30 5.8-13.6 10.1-23.9 12.6-30h103c0-.1 11.5 0 11.6 0 43.7 .2 53.6-.8 64.4 5.3v-5.3H363v9.3c7.6-6.1 17.9-9.3 30.7-9.3h27.6c0 .5 1.9 .3 2.3 .3H456c4.2 9.8 2.6 6 8.8 20.6v-20.6h43.3c4.9 8-1-1.8 11.2 18.4v-18.4h39.9v92h-41.6c-5.4-9-1.4-2.2-13.2-21.9v21.9h-52.8c-6.4-14.8-.1-.3-6.6-15.3h-19c-4.2 10-2.2 5.2-6.4 15.3h-26.8c-12.3 0-22.3-3-29.7-8.9v8.9h-66.5c-.3-13.9-.1-24.8-.1-24.8-1.8-.3-3.4-.2-9.8-.2v25.1H151.2v-11.4c-2.5 5.6-2.7 5.9-5.1 11.4h-29.5c-4-8.9-2.9-6.4-5.1-11.4v11.4H58.6c-4.2-10.1-2.2-5.3-6.4-15.3H33c-4.2 10-2.2 5.2-6.4 15.3H0V432c0 26.5 21.5 48 48 48h480.1c26.5 0 48-21.5 48-48v-90.4c-12.7 8.3-32.7 6.1-67.5 6.1zm36.3-64.5H575v-14.6h-32.9c-12.8 0-23.8 6.6-23.8 20.7 0 33 42.7 12.8 42.7 27.4 0 5.1-4.3 6.4-8.4 6.4h-32l-.1 14.8h32c8.4 0 17.6-1.8 22.5-8.9v-25.8c-10.5-13.8-39.3-1.3-39.3-13.5 0-5.8 4.6-6.5 9.2-6.5zm-57 39.8h-32.2l-.1 14.8h32.2c14.8 0 26.2-5.6 26.2-22 0-33.2-42.9-11.2-42.9-26.3 0-5.6 4.9-6.4 9.2-6.4h30.4v-14.6h-33.2c-12.8 0-23.5 6.6-23.5 20.7 0 33 42.7 12.5 42.7 27.4-.1 5.4-4.7 6.4-8.8 6.4zm-42.2-40.1v-14.3h-55.2l-.1 69.3h55.2l.1-14.3-38.6-.3v-13.8H445v-14.1h-37.8v-12.5zm-56.3-108.1c-.3 .2-1.4 2.2-1.4 7.6 0 6 .9 7.7 1.1 7.9 .2 .1 1.1 .5 3.4 .5l7.3-16.9c-1.1 0-2.1-.1-3.1-.1-5.6 0-7 .7-7.3 1zm20.4-10.5h-.1zm-16.2-15.2c-23.5 0-34 12-34 35.3 0 22.2 10.2 34 33 34h19.2l6.4-15.3h34.3l6.6 15.3h33.7v-51.9l31.2 51.9h23.6v-69h-16.9v48.1l-29.1-48.1h-25.3v65.4l-27.9-65.4h-24.8l-23.5 54.5h-7.4c-13.3 0-16.1-8.1-16.1-19.9 0-23.8 15.7-20 33.1-19.7v-15.2zm42.1 12.1l11.2 27.6h-22.8zm-101.1-12v69.3h16.9v-69.3z\"><\/path><\/svg><\/div><div class=\"uagb-ifb-title-wrap\"><h3 class=\"uagb-ifb-title\">American express<\/h3><\/div><p class=\"uagb-ifb-desc\">Click here to change this text. Lorem ipsum dolor sit amet, consectetur adipiscing elit. Ut elit tellus, luctus nec ullamcorper mattis, pulvinar dapibus leo.<\/p><\/div><\/div>\n<\/div>\n\n\n\n<div class=\"wp-block-uagb-container uagb-block-564f5716\">\n<div class=\"wp-block-uagb-info-box uagb-block-09cc3576 uagb-infobox__content-wrap  uagb-infobox-icon-above-title uagb-infobox-image-valign-top\"><div class=\"uagb-ifb-content\"><div class=\"uagb-ifb-icon-wrap\"><svg xmlns=\"https:\/\/www.w3.org\/2000\/svg\" viewBox=\"0 0 576 512\"><path d=\"M482.9 410.3c0 6.8-4.6 11.7-11.2 11.7-6.8 0-11.2-5.2-11.2-11.7 0-6.5 4.4-11.7 11.2-11.7 6.6 0 11.2 5.2 11.2 11.7zm-310.8-11.7c-7.1 0-11.2 5.2-11.2 11.7 0 6.5 4.1 11.7 11.2 11.7 6.5 0 10.9-4.9 10.9-11.7-.1-6.5-4.4-11.7-10.9-11.7zm117.5-.3c-5.4 0-8.7 3.5-9.5 8.7h19.1c-.9-5.7-4.4-8.7-9.6-8.7zm107.8 .3c-6.8 0-10.9 5.2-10.9 11.7 0 6.5 4.1 11.7 10.9 11.7 6.8 0 11.2-4.9 11.2-11.7 0-6.5-4.4-11.7-11.2-11.7zm105.9 26.1c0 .3 .3 .5 .3 1.1 0 .3-.3 .5-.3 1.1-.3 .3-.3 .5-.5 .8-.3 .3-.5 .5-1.1 .5-.3 .3-.5 .3-1.1 .3-.3 0-.5 0-1.1-.3-.3 0-.5-.3-.8-.5-.3-.3-.5-.5-.5-.8-.3-.5-.3-.8-.3-1.1 0-.5 0-.8 .3-1.1 0-.5 .3-.8 .5-1.1 .3-.3 .5-.3 .8-.5 .5-.3 .8-.3 1.1-.3 .5 0 .8 0 1.1 .3 .5 .3 .8 .3 1.1 .5s.2 .6 .5 1.1zm-2.2 1.4c.5 0 .5-.3 .8-.3 .3-.3 .3-.5 .3-.8 0-.3 0-.5-.3-.8-.3 0-.5-.3-1.1-.3h-1.6v3.5h.8V426h.3l1.1 1.4h.8l-1.1-1.3zM576 81v352c0 26.5-21.5 48-48 48H48c-26.5 0-48-21.5-48-48V81c0-26.5 21.5-48 48-48h480c26.5 0 48 21.5 48 48zM64 220.6c0 76.5 62.1 138.5 138.5 138.5 27.2 0 53.9-8.2 76.5-23.1-72.9-59.3-72.4-171.2 0-230.5-22.6-15-49.3-23.1-76.5-23.1-76.4-.1-138.5 62-138.5 138.2zm224 108.8c70.5-55 70.2-162.2 0-217.5-70.2 55.3-70.5 162.6 0 217.5zm-142.3 76.3c0-8.7-5.7-14.4-14.7-14.7-4.6 0-9.5 1.4-12.8 6.5-2.4-4.1-6.5-6.5-12.2-6.5-3.8 0-7.6 1.4-10.6 5.4V392h-8.2v36.7h8.2c0-18.9-2.5-30.2 9-30.2 10.2 0 8.2 10.2 8.2 30.2h7.9c0-18.3-2.5-30.2 9-30.2 10.2 0 8.2 10 8.2 30.2h8.2v-23zm44.9-13.7h-7.9v4.4c-2.7-3.3-6.5-5.4-11.7-5.4-10.3 0-18.2 8.2-18.2 19.3 0 11.2 7.9 19.3 18.2 19.3 5.2 0 9-1.9 11.7-5.4v4.6h7.9V392zm40.5 25.6c0-15-22.9-8.2-22.9-15.2 0-5.7 11.9-4.8 18.5-1.1l3.3-6.5c-9.4-6.1-30.2-6-30.2 8.2 0 14.3 22.9 8.3 22.9 15 0 6.3-13.5 5.8-20.7 .8l-3.5 6.3c11.2 7.6 32.6 6 32.6-7.5zm35.4 9.3l-2.2-6.8c-3.8 2.1-12.2 4.4-12.2-4.1v-16.6h13.1V392h-13.1v-11.2h-8.2V392h-7.6v7.3h7.6V416c0 17.6 17.3 14.4 22.6 10.9zm13.3-13.4h27.5c0-16.2-7.4-22.6-17.4-22.6-10.6 0-18.2 7.9-18.2 19.3 0 20.5 22.6 23.9 33.8 14.2l-3.8-6c-7.8 6.4-19.6 5.8-21.9-4.9zm59.1-21.5c-4.6-2-11.6-1.8-15.2 4.4V392h-8.2v36.7h8.2V408c0-11.6 9.5-10.1 12.8-8.4l2.4-7.6zm10.6 18.3c0-11.4 11.6-15.1 20.7-8.4l3.8-6.5c-11.6-9.1-32.7-4.1-32.7 15 0 19.8 22.4 23.8 32.7 15l-3.8-6.5c-9.2 6.5-20.7 2.6-20.7-8.6zm66.7-18.3H408v4.4c-8.3-11-29.9-4.8-29.9 13.9 0 19.2 22.4 24.7 29.9 13.9v4.6h8.2V392zm33.7 0c-2.4-1.2-11-2.9-15.2 4.4V392h-7.9v36.7h7.9V408c0-11 9-10.3 12.8-8.4l2.4-7.6zm40.3-14.9h-7.9v19.3c-8.2-10.9-29.9-5.1-29.9 13.9 0 19.4 22.5 24.6 29.9 13.9v4.6h7.9v-51.7zm7.6-75.1v4.6h.8V302h1.9v-.8h-4.6v.8h1.9zm6.6 123.8c0-.5 0-1.1-.3-1.6-.3-.3-.5-.8-.8-1.1-.3-.3-.8-.5-1.1-.8-.5 0-1.1-.3-1.6-.3-.3 0-.8 .3-1.4 .3-.5 .3-.8 .5-1.1 .8-.5 .3-.8 .8-.8 1.1-.3 .5-.3 1.1-.3 1.6 0 .3 0 .8 .3 1.4 0 .3 .3 .8 .8 1.1 .3 .3 .5 .5 1.1 .8 .5 .3 1.1 .3 1.4 .3 .5 0 1.1 0 1.6-.3 .3-.3 .8-.5 1.1-.8 .3-.3 .5-.8 .8-1.1 .3-.6 .3-1.1 .3-1.4zm3.2-124.7h-1.4l-1.6 3.5-1.6-3.5h-1.4v5.4h.8v-4.1l1.6 3.5h1.1l1.4-3.5v4.1h1.1v-5.4zm4.4-80.5c0-76.2-62.1-138.3-138.5-138.3-27.2 0-53.9 8.2-76.5 23.1 72.1 59.3 73.2 171.5 0 230.5 22.6 15 49.5 23.1 76.5 23.1 76.4 .1 138.5-61.9 138.5-138.4z\"><\/path><\/svg><\/div><div class=\"uagb-ifb-title-wrap\"><h3 class=\"uagb-ifb-title\">Master card <\/h3><\/div><p class=\"uagb-ifb-desc\">Master <\/p><\/div><\/div>\n<\/div>\n<\/div><\/div>\n\n\n\n<p><\/p>\n","protected":false},"excerpt":{"rendered":"<p>GROS NEZ MAISON<\/p>\n","protected":false},"author":1,"featured_media":0,"parent":0,"menu_order":0,"comment_status":"closed","ping_status":"closed","template":"","meta":{"_uag_custom_page_level_css":"","site-sidebar-layout":"default","site-content-layout":"","ast-site-content-layout":"default","site-content-style":"default","site-sidebar-style":"default","ast-global-header-display":"","ast-banner-title-visibility":"","ast-main-header-display":"","ast-hfb-above-header-display":"","ast-hfb-below-header-display":"","ast-hfb-mobile-header-display":"","site-post-title":"","ast-breadcrumbs-content":"","ast-featured-img":"","footer-sml-layout":"","ast-disable-related-posts":"","theme-transparent-header-meta":"","adv-header-id-meta":"","stick-header-meta":"","header-above-stick-meta":"","header-main-stick-meta":"","header-below-stick-meta":"","astra-migrate-meta-layouts":"default","ast-page-background-enabled":"default","ast-page-background-meta":{"desktop":{"background-color":"var(--ast-global-color-5)","background-image":"","background-repeat":"repeat","background-position":"center center","background-size":"auto","background-attachment":"scroll","background-type":"","background-media":"","overlay-type":"","overlay-color":"","overlay-opacity":"","overlay-gradient":""},"tablet":{"background-color":"","background-image":"","background-repeat":"repeat","background-position":"center center","background-size":"auto","background-attachment":"scroll","background-type":"","background-media":"","overlay-type":"","overlay-color":"","overlay-opacity":"","overlay-gradient":""},"mobile":{"background-color":"","background-image":"","background-repeat":"repeat","background-position":"center center","background-size":"auto","background-attachment":"scroll","background-type":"","background-media":"","overlay-type":"","overlay-color":"","overlay-opacity":"","overlay-gradient":""}},"ast-content-background-meta":{"desktop":{"background-color":"var(--ast-global-color-4)","background-image":"","background-repeat":"repeat","background-position":"center center","background-size":"auto","background-attachment":"scroll","background-type":"","background-media":"","overlay-type":"","overlay-color":"","overlay-opacity":"","overlay-gradient":""},"tablet":{"background-color":"var(--ast-global-color-4)","background-image":"","background-repeat":"repeat","background-position":"center center","background-size":"auto","background-attachment":"scroll","background-type":"","background-media":"","overlay-type":"","overlay-color":"","overlay-opacity":"","overlay-gradient":""},"mobile":{"background-color":"var(--ast-global-color-4)","background-image":"","background-repeat":"repeat","background-position":"center center","background-size":"auto","background-attachment":"scroll","background-type":"","background-media":"","overlay-type":"","overlay-color":"","overlay-opacity":"","overlay-gradient":""}},"footnotes":""},"class_list":["post-71","page","type-page","status-publish","hentry"],"yoast_head":"<!-- This site is optimized with the Yoast SEO plugin v27.2 - https:\/\/yoast.com\/product\/yoast-seo-wordpress\/ -->\n<title>accueil - BTS NDRC - WordPress wp06<\/title>\n<meta name=\"robots\" content=\"index, follow, max-snippet:-1, max-image-preview:large, max-video-preview:-1\" \/>\n<link rel=\"canonical\" href=\"https:\/\/wp06.btsndrc-ifce.fr\/\" \/>\n<meta property=\"og:locale\" content=\"fr_FR\" \/>\n<meta property=\"og:type\" content=\"article\" \/>\n<meta property=\"og:title\" content=\"accueil - BTS NDRC - WordPress wp06\" \/>\n<meta property=\"og:description\" content=\"GROS NEZ MAISON\" \/>\n<meta property=\"og:url\" content=\"https:\/\/wp06.btsndrc-ifce.fr\/\" \/>\n<meta property=\"og:site_name\" content=\"BTS NDRC - WordPress wp06\" \/>\n<meta property=\"article:modified_time\" content=\"2026-03-18T10:42:55+00:00\" \/>\n<meta property=\"og:image\" content=\"https:\/\/wp06.btsndrc-ifce.fr\/wp-content\/uploads\/2026\/03\/IMG_9763-768x1024.jpeg\" \/>\n<meta name=\"twitter:card\" content=\"summary_large_image\" \/>\n<meta name=\"twitter:label1\" content=\"Dur\u00e9e de lecture estim\u00e9e\" \/>\n\t<meta name=\"twitter:data1\" content=\"1 minute\" \/>\n<script type=\"application\/ld+json\" class=\"yoast-schema-graph\">{\"@context\":\"https:\/\/schema.org\",\"@graph\":[{\"@type\":\"WebPage\",\"@id\":\"https:\/\/wp06.btsndrc-ifce.fr\/\",\"url\":\"https:\/\/wp06.btsndrc-ifce.fr\/\",\"name\":\"accueil - BTS NDRC - WordPress wp06\",\"isPartOf\":{\"@id\":\"https:\/\/wp06.btsndrc-ifce.fr\/#website\"},\"primaryImageOfPage\":{\"@id\":\"https:\/\/wp06.btsndrc-ifce.fr\/#primaryimage\"},\"image\":{\"@id\":\"https:\/\/wp06.btsndrc-ifce.fr\/#primaryimage\"},\"thumbnailUrl\":\"https:\/\/wp06.btsndrc-ifce.fr\/wp-content\/uploads\/2026\/03\/IMG_9763-768x1024.jpeg\",\"datePublished\":\"2026-03-18T10:17:00+00:00\",\"dateModified\":\"2026-03-18T10:42:55+00:00\",\"breadcrumb\":{\"@id\":\"https:\/\/wp06.btsndrc-ifce.fr\/#breadcrumb\"},\"inLanguage\":\"fr-FR\",\"potentialAction\":[{\"@type\":\"ReadAction\",\"target\":[\"https:\/\/wp06.btsndrc-ifce.fr\/\"]}]},{\"@type\":\"ImageObject\",\"inLanguage\":\"fr-FR\",\"@id\":\"https:\/\/wp06.btsndrc-ifce.fr\/#primaryimage\",\"url\":\"https:\/\/wp06.btsndrc-ifce.fr\/wp-content\/uploads\/2026\/03\/IMG_9763-768x1024.jpeg\",\"contentUrl\":\"https:\/\/wp06.btsndrc-ifce.fr\/wp-content\/uploads\/2026\/03\/IMG_9763-768x1024.jpeg\"},{\"@type\":\"BreadcrumbList\",\"@id\":\"https:\/\/wp06.btsndrc-ifce.fr\/#breadcrumb\",\"itemListElement\":[{\"@type\":\"ListItem\",\"position\":1,\"name\":\"Home\",\"item\":\"https:\/\/wp06.btsndrc-ifce.fr\/\"},{\"@type\":\"ListItem\",\"position\":2,\"name\":\"accueil\"}]},{\"@type\":\"WebSite\",\"@id\":\"https:\/\/wp06.btsndrc-ifce.fr\/#website\",\"url\":\"https:\/\/wp06.btsndrc-ifce.fr\/\",\"name\":\"BTS NDRC - WordPress wp06\",\"description\":\"\",\"potentialAction\":[{\"@type\":\"SearchAction\",\"target\":{\"@type\":\"EntryPoint\",\"urlTemplate\":\"https:\/\/wp06.btsndrc-ifce.fr\/?s={search_term_string}\"},\"query-input\":{\"@type\":\"PropertyValueSpecification\",\"valueRequired\":true,\"valueName\":\"search_term_string\"}}],\"inLanguage\":\"fr-FR\"}]}<\/script>\n<!-- \/ Yoast SEO plugin. -->","yoast_head_json":{"title":"accueil - BTS NDRC - WordPress wp06","robots":{"index":"index","follow":"follow","max-snippet":"max-snippet:-1","max-image-preview":"max-image-preview:large","max-video-preview":"max-video-preview:-1"},"canonical":"https:\/\/wp06.btsndrc-ifce.fr\/","og_locale":"fr_FR","og_type":"article","og_title":"accueil - BTS NDRC - WordPress wp06","og_description":"GROS NEZ MAISON","og_url":"https:\/\/wp06.btsndrc-ifce.fr\/","og_site_name":"BTS NDRC - WordPress wp06","article_modified_time":"2026-03-18T10:42:55+00:00","og_image":[{"url":"https:\/\/wp06.btsndrc-ifce.fr\/wp-content\/uploads\/2026\/03\/IMG_9763-768x1024.jpeg","type":"","width":"","height":""}],"twitter_card":"summary_large_image","twitter_misc":{"Dur\u00e9e de lecture estim\u00e9e":"1 minute"},"schema":{"@context":"https:\/\/schema.org","@graph":[{"@type":"WebPage","@id":"https:\/\/wp06.btsndrc-ifce.fr\/","url":"https:\/\/wp06.btsndrc-ifce.fr\/","name":"accueil - BTS NDRC - WordPress wp06","isPartOf":{"@id":"https:\/\/wp06.btsndrc-ifce.fr\/#website"},"primaryImageOfPage":{"@id":"https:\/\/wp06.btsndrc-ifce.fr\/#primaryimage"},"image":{"@id":"https:\/\/wp06.btsndrc-ifce.fr\/#primaryimage"},"thumbnailUrl":"https:\/\/wp06.btsndrc-ifce.fr\/wp-content\/uploads\/2026\/03\/IMG_9763-768x1024.jpeg","datePublished":"2026-03-18T10:17:00+00:00","dateModified":"2026-03-18T10:42:55+00:00","breadcrumb":{"@id":"https:\/\/wp06.btsndrc-ifce.fr\/#breadcrumb"},"inLanguage":"fr-FR","potentialAction":[{"@type":"ReadAction","target":["https:\/\/wp06.btsndrc-ifce.fr\/"]}]},{"@type":"ImageObject","inLanguage":"fr-FR","@id":"https:\/\/wp06.btsndrc-ifce.fr\/#primaryimage","url":"https:\/\/wp06.btsndrc-ifce.fr\/wp-content\/uploads\/2026\/03\/IMG_9763-768x1024.jpeg","contentUrl":"https:\/\/wp06.btsndrc-ifce.fr\/wp-content\/uploads\/2026\/03\/IMG_9763-768x1024.jpeg"},{"@type":"BreadcrumbList","@id":"https:\/\/wp06.btsndrc-ifce.fr\/#breadcrumb","itemListElement":[{"@type":"ListItem","position":1,"name":"Home","item":"https:\/\/wp06.btsndrc-ifce.fr\/"},{"@type":"ListItem","position":2,"name":"accueil"}]},{"@type":"WebSite","@id":"https:\/\/wp06.btsndrc-ifce.fr\/#website","url":"https:\/\/wp06.btsndrc-ifce.fr\/","name":"BTS NDRC - WordPress wp06","description":"","potentialAction":[{"@type":"SearchAction","target":{"@type":"EntryPoint","urlTemplate":"https:\/\/wp06.btsndrc-ifce.fr\/?s={search_term_string}"},"query-input":{"@type":"PropertyValueSpecification","valueRequired":true,"valueName":"search_term_string"}}],"inLanguage":"fr-FR"}]}},"uagb_featured_image_src":{"full":false,"thumbnail":false,"medium":false,"medium_large":false,"large":false,"1536x1536":false,"2048x2048":false},"uagb_author_info":{"display_name":"ndrc_wp06","author_link":"https:\/\/wp06.btsndrc-ifce.fr\/?author=1"},"uagb_comment_info":0,"uagb_excerpt":"GROS NEZ MAISON","_links":{"self":[{"href":"https:\/\/wp06.btsndrc-ifce.fr\/index.php?rest_route=\/wp\/v2\/pages\/71","targetHints":{"allow":["GET"]}}],"collection":[{"href":"https:\/\/wp06.btsndrc-ifce.fr\/index.php?rest_route=\/wp\/v2\/pages"}],"about":[{"href":"https:\/\/wp06.btsndrc-ifce.fr\/index.php?rest_route=\/wp\/v2\/types\/page"}],"author":[{"embeddable":true,"href":"https:\/\/wp06.btsndrc-ifce.fr\/index.php?rest_route=\/wp\/v2\/users\/1"}],"replies":[{"embeddable":true,"href":"https:\/\/wp06.btsndrc-ifce.fr\/index.php?rest_route=%2Fwp%2Fv2%2Fcomments&post=71"}],"version-history":[{"count":7,"href":"https:\/\/wp06.btsndrc-ifce.fr\/index.php?rest_route=\/wp\/v2\/pages\/71\/revisions"}],"predecessor-version":[{"id":88,"href":"https:\/\/wp06.btsndrc-ifce.fr\/index.php?rest_route=\/wp\/v2\/pages\/71\/revisions\/88"}],"wp:attachment":[{"href":"https:\/\/wp06.btsndrc-ifce.fr\/index.php?rest_route=%2Fwp%2Fv2%2Fmedia&parent=71"}],"curies":[{"name":"wp","href":"https:\/\/api.w.org\/{rel}","templated":true}]}}