{"id":45,"date":"2026-02-23T14:34:43","date_gmt":"2026-02-23T13:34:43","guid":{"rendered":"https:\/\/wp06.btsndrc-ifce.fr\/?page_id=45"},"modified":"2026-02-23T16:09:26","modified_gmt":"2026-02-23T15:09:26","slug":"examen-blanc","status":"publish","type":"page","link":"https:\/\/wp06.btsndrc-ifce.fr\/?page_id=45","title":{"rendered":"EXAMEN BLANC"},"content":{"rendered":"\n<h3 class=\"wp-block-heading has-text-align-center is-style-default has-accent-2-color has-text-color has-link-color wp-elements-19d8a392c63b066b17582ff5dd9a9bf6\" style=\"border-top-left-radius:35px;border-top-right-radius:35px;border-bottom-left-radius:35px;border-bottom-right-radius:35px;padding-top:0;padding-right:0;padding-bottom:0;padding-left:0;font-size:4.5rem\"><strong>ILS NOUS FONT CONFIANCE<\/strong><\/h3>\n\n\n\n<div class=\"wp-block-columns is-layout-flex wp-container-core-columns-is-layout-28f84493 wp-block-columns-is-layout-flex\">\n<div class=\"wp-block-column is-layout-flow wp-block-column-is-layout-flow\">\n<figure class=\"wp-block-gallery has-nested-images columns-default is-cropped wp-block-gallery-1 is-layout-flex wp-block-gallery-is-layout-flex\">\n<figure class=\"wp-block-image size-large has-custom-border\" style=\"margin-top:0;margin-right:0;margin-bottom:0;margin-left:0\"><img loading=\"lazy\" decoding=\"async\" width=\"208\" height=\"148\" data-id=\"53\" src=\"https:\/\/wp06.btsndrc-ifce.fr\/wp-content\/uploads\/2026\/02\/bougie-1.jpg\" alt=\"\" class=\"wp-image-53\" style=\"border-top-left-radius:100px;border-top-right-radius:100px;border-bottom-left-radius:100px;border-bottom-right-radius:100px\"\/><\/figure>\n<\/figure>\n<\/div>\n\n\n\n<div class=\"wp-block-column is-layout-flow wp-block-column-is-layout-flow\">\n<figure class=\"wp-block-image size-full\"><img loading=\"lazy\" decoding=\"async\" width=\"324\" height=\"156\" src=\"https:\/\/wp06.btsndrc-ifce.fr\/wp-content\/uploads\/2026\/02\/google-1.jpg\" alt=\"\" class=\"wp-image-54\" srcset=\"https:\/\/wp06.btsndrc-ifce.fr\/wp-content\/uploads\/2026\/02\/google-1.jpg 324w, https:\/\/wp06.btsndrc-ifce.fr\/wp-content\/uploads\/2026\/02\/google-1-300x144.jpg 300w\" sizes=\"auto, (max-width: 324px) 100vw, 324px\" \/><\/figure>\n<\/div>\n<\/div>\n\n\n\n<h2 class=\"wp-block-heading has-accent-2-color has-text-color has-link-color wp-elements-eb2d2e538e07e50a1dd9c883f21604be\" style=\"border-width:3px\">                   AVIS CLIENTS<\/h2>\n\n\n\n<div class=\"wp-block-columns is-layout-flex wp-container-core-columns-is-layout-28f84493 wp-block-columns-is-layout-flex\">\n<div class=\"wp-block-column is-layout-flow wp-block-column-is-layout-flow\">\n<figure class=\"wp-block-image size-full has-custom-border\"><img loading=\"lazy\" decoding=\"async\" width=\"201\" height=\"251\" src=\"https:\/\/wp06.btsndrc-ifce.fr\/wp-content\/uploads\/2026\/02\/telechargement.jpg\" alt=\"\" class=\"wp-image-57\" style=\"border-width:3px\"\/><\/figure>\n<\/div>\n\n\n\n<div class=\"wp-block-column is-layout-flow wp-block-column-is-layout-flow\">\n<figure class=\"wp-block-image size-full has-custom-border\"><img loading=\"lazy\" decoding=\"async\" width=\"201\" height=\"251\" src=\"https:\/\/wp06.btsndrc-ifce.fr\/wp-content\/uploads\/2026\/02\/images.jpg\" alt=\"\" class=\"wp-image-59\" style=\"border-width:3px\"\/><\/figure>\n<\/div>\n\n\n\n<div class=\"wp-block-column is-layout-flow wp-block-column-is-layout-flow\">\n<figure class=\"wp-block-image size-full has-custom-border\"><img loading=\"lazy\" decoding=\"async\" width=\"201\" height=\"251\" src=\"https:\/\/wp06.btsndrc-ifce.fr\/wp-content\/uploads\/2026\/02\/telechargement-1.jpg\" alt=\"\" class=\"wp-image-58\" style=\"border-width:3px\"\/><\/figure>\n<\/div>\n<\/div>\n\n\n\n<p><\/p>\n\n\n\n<p class=\"has-text-align-center has-accent-color has-contrast-background-color has-text-color has-background has-link-color has-large-font-size wp-elements-ccbd70ebb3076f358f98c4f0d54645c7\" style=\"border-width:4px;border-top-left-radius:100px;border-top-right-radius:100px;border-bottom-left-radius:100px;border-bottom-right-radius:100px;margin-top:0;margin-right:0;margin-bottom:0;margin-left:0;padding-top:0;padding-right:0;padding-bottom:0;padding-left:0\">VOS RETOURS SONTS IMPORTANTS<\/p>\n\n\n\n<div class=\"wp-block-columns is-layout-flex wp-container-core-columns-is-layout-28f84493 wp-block-columns-is-layout-flex\">\n<div class=\"wp-block-column is-layout-flow wp-block-column-is-layout-flow\" style=\"flex-basis:33.33%\">\n<figure class=\"wp-block-image size-full is-resized\"><img loading=\"lazy\" decoding=\"async\" width=\"183\" height=\"275\" src=\"https:\/\/wp06.btsndrc-ifce.fr\/wp-content\/uploads\/2026\/02\/images-1.jpg\" alt=\"\" class=\"wp-image-61\" style=\"width:140px;height:auto\"\/><\/figure>\n<\/div>\n\n\n\n<div class=\"wp-block-column is-layout-flow wp-block-column-is-layout-flow\" style=\"flex-basis:66.66%\">\n<p class=\"has-drop-cap has-heading-font-family\" style=\"line-height:1.9;text-decoration:none;text-transform:none;writing-mode:horizontal-tb\">Je suis tr\u00e8s satisfaite des bougies, elles sont belles, \u00e9l\u00e9gantes et tr\u00e8s bien fabriqu\u00e9es. Les couleurs correspondent parfaitement \u00e0 la description. Je les recommande absolument et je les ach\u00e8terai \u00e0     nouveau.<\/p>\n\n\n\n<p class=\"has-text-color has-link-color has-heading-font-family wp-elements-979ef9580c6782f0a9e2e50ce893af43\" style=\"color:#f2ff00;line-height:1.8;text-decoration:underline\">Liza<\/p>\n<\/div>\n<\/div>\n\n\n\n<p><\/p>\n\n\n\n<p class=\"has-text-align-center has-accent-color has-text-color has-link-color has-x-large-font-size wp-elements-f18986f87b3c64e8c53d06d96b405493\" style=\"letter-spacing:1px;line-height:1.5;text-transform:capitalize\">NOS ENGAGEMENTS<\/p>\n\n\n\n<div class=\"wp-block-columns is-layout-flex wp-container-core-columns-is-layout-28f84493 wp-block-columns-is-layout-flex\">\n<div class=\"wp-block-column is-layout-flow wp-block-column-is-layout-flow\">\n<figure class=\"wp-block-image size-full\"><img loading=\"lazy\" decoding=\"async\" width=\"139\" height=\"123\" src=\"https:\/\/wp06.btsndrc-ifce.fr\/wp-content\/uploads\/2026\/02\/NOSENGAGEMENTS-2-PNG-new-web.webp\" alt=\"\" class=\"wp-image-68\"\/><\/figure>\n<\/div>\n\n\n\n<div class=\"wp-block-column is-layout-flow wp-block-column-is-layout-flow\">\n<figure class=\"wp-block-image size-full\"><img loading=\"lazy\" decoding=\"async\" width=\"128\" height=\"112\" src=\"https:\/\/wp06.btsndrc-ifce.fr\/wp-content\/uploads\/2026\/02\/NOSENGAGEMENTS-4-PNG-new-web.webp\" alt=\"\" class=\"wp-image-67\"\/><\/figure>\n<\/div>\n\n\n\n<div class=\"wp-block-column is-layout-flow wp-block-column-is-layout-flow\">\n<figure class=\"wp-block-image size-full\"><img loading=\"lazy\" decoding=\"async\" width=\"115\" height=\"102\" src=\"https:\/\/wp06.btsndrc-ifce.fr\/wp-content\/uploads\/2026\/02\/NOSENGAGEMENTS-1-web.webp\" alt=\"\" class=\"wp-image-66\"\/><\/figure>\n<\/div>\n<\/div>\n\n\n\n<div class=\"wp-block-columns is-layout-flex wp-container-core-columns-is-layout-28f84493 wp-block-columns-is-layout-flex\">\n<div class=\"wp-block-column is-layout-flow wp-block-column-is-layout-flow\">\n<p class=\"has-text-align-center has-text-color has-link-color has-heading-font-family wp-elements-7c3c29d57c71213d067afe436c7e9896\" style=\"color:#b5af98\">Toutes nos fabrications sont r\u00e9alis\u00e9es en France, dans notre usine situ\u00e9e \u00e0 Grasse. De la s\u00e9lection des mati\u00e8res premi\u00e8res \u00e0 la livraison, nous vous garantissons une \u201cexcellence \u00e0 la fran\u00e7aise\u201d.<\/p>\n<\/div>\n\n\n\n<div class=\"wp-block-column is-layout-flow wp-block-column-is-layout-flow\">\n<p class=\"has-text-align-center has-text-color has-link-color has-heading-font-family wp-elements-c48592aaae7fb62cdf18a76e54040c18\" style=\"color:#b5af98\">Bougie &amp; Senteur suit une d\u00e9marche \u00e9co-responsable avec une politique d&rsquo;approvisionnement local et avec un syst\u00e8me de recyclage au sein de son usine.<\/p>\n<\/div>\n\n\n\n<div class=\"wp-block-column is-layout-flow wp-block-column-is-layout-flow\">\n<p class=\"has-text-align-center has-text-color has-link-color has-heading-font-family wp-elements-e24df0461d379988b2707198fbe9cd8f\" style=\"color:#b5af98\">Parce que vos produits m\u00e9ritent un traitement haut de gamme, la qualit\u00e9 est \u00e0 la base de notre savoir-faire. Ainsi nous exigeons la perfection \u00e0 chaque \u00e9tape de la production.<\/p>\n<\/div>\n<\/div>\n","protected":false},"excerpt":{"rendered":"<p>ILS NOUS FONT CONFIANCE AVIS CLIENTS VOS RETOURS SONTS IMPORTANTS Je suis tr\u00e8s satisfaite des bougies, elles sont belles, \u00e9l\u00e9gantes [&hellip;]<\/p>\n","protected":false},"author":1,"featured_media":0,"parent":0,"menu_order":0,"comment_status":"closed","ping_status":"closed","template":"","meta":{"_uag_custom_page_level_css":"","site-sidebar-layout":"default","site-content-layout":"","ast-site-content-layout":"default","site-content-style":"default","site-sidebar-style":"default","ast-global-header-display":"","ast-banner-title-visibility":"","ast-main-header-display":"","ast-hfb-above-header-display":"","ast-hfb-below-header-display":"","ast-hfb-mobile-header-display":"","site-post-title":"","ast-breadcrumbs-content":"","ast-featured-img":"","footer-sml-layout":"","ast-disable-related-posts":"","theme-transparent-header-meta":"","adv-header-id-meta":"","stick-header-meta":"","header-above-stick-meta":"","header-main-stick-meta":"","header-below-stick-meta":"","astra-migrate-meta-layouts":"default","ast-page-background-enabled":"default","ast-page-background-meta":{"desktop":{"background-color":"var(--ast-global-color-5)","background-image":"","background-repeat":"repeat","background-position":"center center","background-size":"auto","background-attachment":"scroll","background-type":"","background-media":"","overlay-type":"","overlay-color":"","overlay-opacity":"","overlay-gradient":""},"tablet":{"background-color":"","background-image":"","background-repeat":"repeat","background-position":"center center","background-size":"auto","background-attachment":"scroll","background-type":"","background-media":"","overlay-type":"","overlay-color":"","overlay-opacity":"","overlay-gradient":""},"mobile":{"background-color":"","background-image":"","background-repeat":"repeat","background-position":"center center","background-size":"auto","background-attachment":"scroll","background-type":"","background-media":"","overlay-type":"","overlay-color":"","overlay-opacity":"","overlay-gradient":""}},"ast-content-background-meta":{"desktop":{"background-color":"var(--ast-global-color-4)","background-image":"","background-repeat":"repeat","background-position":"center center","background-size":"auto","background-attachment":"scroll","background-type":"","background-media":"","overlay-type":"","overlay-color":"","overlay-opacity":"","overlay-gradient":""},"tablet":{"background-color":"var(--ast-global-color-4)","background-image":"","background-repeat":"repeat","background-position":"center center","background-size":"auto","background-attachment":"scroll","background-type":"","background-media":"","overlay-type":"","overlay-color":"","overlay-opacity":"","overlay-gradient":""},"mobile":{"background-color":"var(--ast-global-color-4)","background-image":"","background-repeat":"repeat","background-position":"center center","background-size":"auto","background-attachment":"scroll","background-type":"","background-media":"","overlay-type":"","overlay-color":"","overlay-opacity":"","overlay-gradient":""}},"footnotes":""},"class_list":["post-45","page","type-page","status-publish","hentry"],"yoast_head":"<!-- This site is optimized with the Yoast SEO plugin v27.2 - https:\/\/yoast.com\/product\/yoast-seo-wordpress\/ -->\n<title>EXAMEN BLANC - BTS NDRC - WordPress wp06<\/title>\n<meta name=\"robots\" content=\"index, follow, max-snippet:-1, max-image-preview:large, max-video-preview:-1\" \/>\n<link rel=\"canonical\" href=\"https:\/\/wp06.btsndrc-ifce.fr\/?page_id=45\" \/>\n<meta property=\"og:locale\" content=\"fr_FR\" \/>\n<meta property=\"og:type\" content=\"article\" \/>\n<meta property=\"og:title\" content=\"EXAMEN BLANC - BTS NDRC - WordPress wp06\" \/>\n<meta property=\"og:description\" content=\"ILS NOUS FONT CONFIANCE AVIS CLIENTS VOS RETOURS SONTS IMPORTANTS Je suis tr\u00e8s satisfaite des bougies, elles sont belles, \u00e9l\u00e9gantes [&hellip;]\" \/>\n<meta property=\"og:url\" content=\"https:\/\/wp06.btsndrc-ifce.fr\/?page_id=45\" \/>\n<meta property=\"og:site_name\" content=\"BTS NDRC - WordPress wp06\" \/>\n<meta property=\"article:modified_time\" content=\"2026-02-23T15:09:26+00:00\" \/>\n<meta property=\"og:image\" content=\"https:\/\/wp06.btsndrc-ifce.fr\/wp-content\/uploads\/2026\/02\/bougie-1.jpg\" \/>\n\t<meta property=\"og:image:width\" content=\"208\" \/>\n\t<meta property=\"og:image:height\" content=\"148\" \/>\n\t<meta property=\"og:image:type\" content=\"image\/jpeg\" \/>\n<meta name=\"twitter:card\" content=\"summary_large_image\" \/>\n<meta name=\"twitter:label1\" content=\"Dur\u00e9e de lecture estim\u00e9e\" \/>\n\t<meta name=\"twitter:data1\" content=\"1 minute\" \/>\n<script type=\"application\/ld+json\" class=\"yoast-schema-graph\">{\"@context\":\"https:\/\/schema.org\",\"@graph\":[{\"@type\":\"WebPage\",\"@id\":\"https:\/\/wp06.btsndrc-ifce.fr\/?page_id=45\",\"url\":\"https:\/\/wp06.btsndrc-ifce.fr\/?page_id=45\",\"name\":\"EXAMEN BLANC - BTS NDRC - WordPress wp06\",\"isPartOf\":{\"@id\":\"https:\/\/wp06.btsndrc-ifce.fr\/#website\"},\"primaryImageOfPage\":{\"@id\":\"https:\/\/wp06.btsndrc-ifce.fr\/?page_id=45#primaryimage\"},\"image\":{\"@id\":\"https:\/\/wp06.btsndrc-ifce.fr\/?page_id=45#primaryimage\"},\"thumbnailUrl\":\"https:\/\/wp06.btsndrc-ifce.fr\/wp-content\/uploads\/2026\/02\/bougie-1.jpg\",\"datePublished\":\"2026-02-23T13:34:43+00:00\",\"dateModified\":\"2026-02-23T15:09:26+00:00\",\"breadcrumb\":{\"@id\":\"https:\/\/wp06.btsndrc-ifce.fr\/?page_id=45#breadcrumb\"},\"inLanguage\":\"fr-FR\",\"potentialAction\":[{\"@type\":\"ReadAction\",\"target\":[\"https:\/\/wp06.btsndrc-ifce.fr\/?page_id=45\"]}]},{\"@type\":\"ImageObject\",\"inLanguage\":\"fr-FR\",\"@id\":\"https:\/\/wp06.btsndrc-ifce.fr\/?page_id=45#primaryimage\",\"url\":\"https:\/\/wp06.btsndrc-ifce.fr\/wp-content\/uploads\/2026\/02\/bougie-1.jpg\",\"contentUrl\":\"https:\/\/wp06.btsndrc-ifce.fr\/wp-content\/uploads\/2026\/02\/bougie-1.jpg\",\"width\":208,\"height\":148},{\"@type\":\"BreadcrumbList\",\"@id\":\"https:\/\/wp06.btsndrc-ifce.fr\/?page_id=45#breadcrumb\",\"itemListElement\":[{\"@type\":\"ListItem\",\"position\":1,\"name\":\"Home\",\"item\":\"https:\/\/wp06.btsndrc-ifce.fr\/\"},{\"@type\":\"ListItem\",\"position\":2,\"name\":\"EXAMEN BLANC\"}]},{\"@type\":\"WebSite\",\"@id\":\"https:\/\/wp06.btsndrc-ifce.fr\/#website\",\"url\":\"https:\/\/wp06.btsndrc-ifce.fr\/\",\"name\":\"BTS NDRC - WordPress wp06\",\"description\":\"\",\"potentialAction\":[{\"@type\":\"SearchAction\",\"target\":{\"@type\":\"EntryPoint\",\"urlTemplate\":\"https:\/\/wp06.btsndrc-ifce.fr\/?s={search_term_string}\"},\"query-input\":{\"@type\":\"PropertyValueSpecification\",\"valueRequired\":true,\"valueName\":\"search_term_string\"}}],\"inLanguage\":\"fr-FR\"}]}<\/script>\n<!-- \/ Yoast SEO plugin. -->","yoast_head_json":{"title":"EXAMEN BLANC - BTS NDRC - WordPress wp06","robots":{"index":"index","follow":"follow","max-snippet":"max-snippet:-1","max-image-preview":"max-image-preview:large","max-video-preview":"max-video-preview:-1"},"canonical":"https:\/\/wp06.btsndrc-ifce.fr\/?page_id=45","og_locale":"fr_FR","og_type":"article","og_title":"EXAMEN BLANC - BTS NDRC - WordPress wp06","og_description":"ILS NOUS FONT CONFIANCE AVIS CLIENTS VOS RETOURS SONTS IMPORTANTS Je suis tr\u00e8s satisfaite des bougies, elles sont belles, \u00e9l\u00e9gantes [&hellip;]","og_url":"https:\/\/wp06.btsndrc-ifce.fr\/?page_id=45","og_site_name":"BTS NDRC - WordPress wp06","article_modified_time":"2026-02-23T15:09:26+00:00","og_image":[{"width":208,"height":148,"url":"https:\/\/wp06.btsndrc-ifce.fr\/wp-content\/uploads\/2026\/02\/bougie-1.jpg","type":"image\/jpeg"}],"twitter_card":"summary_large_image","twitter_misc":{"Dur\u00e9e de lecture estim\u00e9e":"1 minute"},"schema":{"@context":"https:\/\/schema.org","@graph":[{"@type":"WebPage","@id":"https:\/\/wp06.btsndrc-ifce.fr\/?page_id=45","url":"https:\/\/wp06.btsndrc-ifce.fr\/?page_id=45","name":"EXAMEN BLANC - BTS NDRC - WordPress wp06","isPartOf":{"@id":"https:\/\/wp06.btsndrc-ifce.fr\/#website"},"primaryImageOfPage":{"@id":"https:\/\/wp06.btsndrc-ifce.fr\/?page_id=45#primaryimage"},"image":{"@id":"https:\/\/wp06.btsndrc-ifce.fr\/?page_id=45#primaryimage"},"thumbnailUrl":"https:\/\/wp06.btsndrc-ifce.fr\/wp-content\/uploads\/2026\/02\/bougie-1.jpg","datePublished":"2026-02-23T13:34:43+00:00","dateModified":"2026-02-23T15:09:26+00:00","breadcrumb":{"@id":"https:\/\/wp06.btsndrc-ifce.fr\/?page_id=45#breadcrumb"},"inLanguage":"fr-FR","potentialAction":[{"@type":"ReadAction","target":["https:\/\/wp06.btsndrc-ifce.fr\/?page_id=45"]}]},{"@type":"ImageObject","inLanguage":"fr-FR","@id":"https:\/\/wp06.btsndrc-ifce.fr\/?page_id=45#primaryimage","url":"https:\/\/wp06.btsndrc-ifce.fr\/wp-content\/uploads\/2026\/02\/bougie-1.jpg","contentUrl":"https:\/\/wp06.btsndrc-ifce.fr\/wp-content\/uploads\/2026\/02\/bougie-1.jpg","width":208,"height":148},{"@type":"BreadcrumbList","@id":"https:\/\/wp06.btsndrc-ifce.fr\/?page_id=45#breadcrumb","itemListElement":[{"@type":"ListItem","position":1,"name":"Home","item":"https:\/\/wp06.btsndrc-ifce.fr\/"},{"@type":"ListItem","position":2,"name":"EXAMEN BLANC"}]},{"@type":"WebSite","@id":"https:\/\/wp06.btsndrc-ifce.fr\/#website","url":"https:\/\/wp06.btsndrc-ifce.fr\/","name":"BTS NDRC - WordPress wp06","description":"","potentialAction":[{"@type":"SearchAction","target":{"@type":"EntryPoint","urlTemplate":"https:\/\/wp06.btsndrc-ifce.fr\/?s={search_term_string}"},"query-input":{"@type":"PropertyValueSpecification","valueRequired":true,"valueName":"search_term_string"}}],"inLanguage":"fr-FR"}]}},"uagb_featured_image_src":{"full":false,"thumbnail":false,"medium":false,"medium_large":false,"large":false,"1536x1536":false,"2048x2048":false},"uagb_author_info":{"display_name":"ndrc_wp06","author_link":"https:\/\/wp06.btsndrc-ifce.fr\/?author=1"},"uagb_comment_info":0,"uagb_excerpt":"ILS NOUS FONT CONFIANCE AVIS CLIENTS VOS RETOURS SONTS IMPORTANTS Je suis tr\u00e8s satisfaite des bougies, elles sont belles, \u00e9l\u00e9gantes [&hellip;]","_links":{"self":[{"href":"https:\/\/wp06.btsndrc-ifce.fr\/index.php?rest_route=\/wp\/v2\/pages\/45","targetHints":{"allow":["GET"]}}],"collection":[{"href":"https:\/\/wp06.btsndrc-ifce.fr\/index.php?rest_route=\/wp\/v2\/pages"}],"about":[{"href":"https:\/\/wp06.btsndrc-ifce.fr\/index.php?rest_route=\/wp\/v2\/types\/page"}],"author":[{"embeddable":true,"href":"https:\/\/wp06.btsndrc-ifce.fr\/index.php?rest_route=\/wp\/v2\/users\/1"}],"replies":[{"embeddable":true,"href":"https:\/\/wp06.btsndrc-ifce.fr\/index.php?rest_route=%2Fwp%2Fv2%2Fcomments&post=45"}],"version-history":[{"count":10,"href":"https:\/\/wp06.btsndrc-ifce.fr\/index.php?rest_route=\/wp\/v2\/pages\/45\/revisions"}],"predecessor-version":[{"id":70,"href":"https:\/\/wp06.btsndrc-ifce.fr\/index.php?rest_route=\/wp\/v2\/pages\/45\/revisions\/70"}],"wp:attachment":[{"href":"https:\/\/wp06.btsndrc-ifce.fr\/index.php?rest_route=%2Fwp%2Fv2%2Fmedia&parent=45"}],"curies":[{"name":"wp","href":"https:\/\/api.w.org\/{rel}","templated":true}]}}