{"id":13,"date":"2026-01-22T13:46:47","date_gmt":"2026-01-22T12:46:47","guid":{"rendered":"https:\/\/wp06.btsndrc-ifce.fr\/?page_id=13"},"modified":"2026-01-22T16:22:51","modified_gmt":"2026-01-22T15:22:51","slug":"exercice-1","status":"publish","type":"page","link":"https:\/\/wp06.btsndrc-ifce.fr\/?page_id=13","title":{"rendered":"exercice 1"},"content":{"rendered":"\n<h1 class=\"wp-block-heading\">Introduction<\/h1>\n\n\n\n<p>Bienvenue sur cette page mod\u00e9le. Elle pr\u00e9sente les  blocs essentiels \u00e0 utiliser sur WordPress : titres, texte, tableaux, citations, colonnes, galerie et ic\u00f4nes.<\/p>\n\n\n\n<blockquote class=\"wp-block-quote is-layout-flow wp-block-quote-is-layout-flow\">\n<p class=\"is-style-text-annotation\"><span style=\"caret-color: rgb(0, 0, 0); color: rgb(0, 0, 0); font-family: -webkit-standard; font-size: medium; letter-spacing: normal; white-space: normal;\">\u00ab Une page claire, c&rsquo;est une page qui guide l&rsquo;utilisateur sans le faire r\u00e9fll\u00e8chir. \u00bb<\/span><\/p>\n<\/blockquote>\n\n\n\n<hr class=\"wp-block-separator has-alpha-channel-opacity\"\/>\n\n\n\n<h2 class=\"wp-block-heading\">Sous-parties<\/h2>\n\n\n\n<h3 class=\"wp-block-heading\">Un sous-titre<\/h3>\n\n\n\n<p class=\"has-small-font-size\">Ici, tu peux ajouter un paragraphe classique pour d\u00e9velopper une id\u00e9e, pr\u00e9senter une offre ou expliquer un processus.<\/p>\n\n\n\n<div class=\"wp-block-columns is-layout-flex wp-container-core-columns-is-layout-28f84493 wp-block-columns-is-layout-flex\">\n<div class=\"wp-block-column is-layout-flow wp-block-column-is-layout-flow\" style=\"flex-basis:100%\">\n<figure class=\"wp-block-table\"><table class=\"has-fixed-layout\"><thead><tr><th>Element <\/th><th>Objectif<\/th><th>Exemple<\/th><\/tr><\/thead><tbody><tr><td>H2<\/td><td>Structurer la page<\/td><td>\u00ab\u00a0Nos services\u00a0\u00bb<\/td><\/tr><tr><td>H3<\/td><td>D\u00e9tail d&rsquo;une section<\/td><td>\u00ab\u00a0Cr\u00e9ation de site\u00a0\u00bb<\/td><\/tr><tr><td>Tableau<\/td><td>Comparer \/ r\u00e9sumer<\/td><td>\u00ab\u00a0Offres &amp; options\u00a0\u00bb<\/td><\/tr><\/tbody><\/table><\/figure>\n<\/div>\n<\/div>\n\n\n\n<hr class=\"wp-block-separator has-alpha-channel-opacity\"\/>\n\n\n\n<div class=\"wp-block-columns is-layout-flex wp-container-core-columns-is-layout-28f84493 wp-block-columns-is-layout-flex\" style=\"border-width:1px\">\n<div class=\"wp-block-column is-layout-flow wp-block-column-is-layout-flow\">\n<figure class=\"wp-block-image size-full\"><img loading=\"lazy\" decoding=\"async\" width=\"768\" height=\"512\" src=\"https:\/\/wp06.btsndrc-ifce.fr\/wp-content\/uploads\/2026\/01\/image-2.png\" alt=\"\" class=\"wp-image-19\" style=\"aspect-ratio:1;object-fit:cover\" srcset=\"https:\/\/wp06.btsndrc-ifce.fr\/wp-content\/uploads\/2026\/01\/image-2.png 768w, https:\/\/wp06.btsndrc-ifce.fr\/wp-content\/uploads\/2026\/01\/image-2-300x200.png 300w\" sizes=\"auto, (max-width: 768px) 100vw, 768px\" \/><\/figure>\n<\/div>\n\n\n\n<div class=\"wp-block-column is-layout-flow wp-block-column-is-layout-flow\">\n<p>Titre du bloc<\/p>\n\n\n\n<ul class=\"wp-block-list\">\n<li style=\"margin-right:0;margin-left:0;padding-top:0;padding-right:0;padding-bottom:0;padding-left:0\">Point 1<\/li>\n\n\n\n<li>Point 2<\/li>\n\n\n\n<li>Point 3<\/li>\n<\/ul>\n<\/div>\n\n\n\n<div class=\"wp-block-column is-layout-flow wp-block-column-is-layout-flow\">\n<figure class=\"wp-block-image size-full\"><img loading=\"lazy\" decoding=\"async\" width=\"275\" height=\"183\" src=\"https:\/\/wp06.btsndrc-ifce.fr\/wp-content\/uploads\/2026\/01\/images-1.jpeg\" alt=\"\" class=\"wp-image-23\" style=\"aspect-ratio:1;object-fit:cover\"\/><\/figure>\n<\/div>\n<\/div>\n\n\n\n<div class=\"wp-block-columns is-layout-flex wp-container-core-columns-is-layout-28f84493 wp-block-columns-is-layout-flex\" style=\"border-width:1px\">\n<div class=\"wp-block-column is-layout-flow wp-container-core-column-is-layout-1f213a1e wp-block-column-is-layout-flow\" style=\"border-style:none;border-width:0px;padding-right:0;padding-left:0;flex-basis:66.66%\">\n<p>Titre du bloc<\/p>\n\n\n\n<p>Un texte d&rsquo;internet son paragraphe.<\/p>\n\n\n\n<div class=\"wp-block-buttons is-layout-flex wp-container-core-buttons-is-layout-a53380d3 wp-block-buttons-is-layout-flex\" style=\"border-top-left-radius:77px;border-top-right-radius:77px;border-bottom-left-radius:77px;border-bottom-right-radius:77px\">\n<div class=\"wp-block-button is-style-fill\"><a class=\"wp-block-button__link has-background wp-element-button\" style=\"border-top-left-radius:0px;border-top-right-radius:0px;border-bottom-left-radius:0px;border-bottom-right-radius:0px;background-color:#021ef2\">En savoir plus<\/a><\/div>\n<\/div>\n<\/div>\n\n\n\n<div class=\"wp-block-column is-layout-flow wp-container-core-column-is-layout-1f213a1e wp-block-column-is-layout-flow\" style=\"border-style:none;border-width:0px;padding-right:0;padding-left:0;flex-basis:90%\">\n<figure class=\"wp-block-image size-full has-custom-border\"><img loading=\"lazy\" decoding=\"async\" width=\"1019\" height=\"320\" src=\"https:\/\/wp06.btsndrc-ifce.fr\/wp-content\/uploads\/2026\/01\/header-welke-soorten-desktop-pc-zijn-er.jpg.webp\" alt=\"\" class=\"wp-image-26\" style=\"border-style:none;border-width:0px;aspect-ratio:16\/9;object-fit:cover\" srcset=\"https:\/\/wp06.btsndrc-ifce.fr\/wp-content\/uploads\/2026\/01\/header-welke-soorten-desktop-pc-zijn-er.jpg.webp 1019w, https:\/\/wp06.btsndrc-ifce.fr\/wp-content\/uploads\/2026\/01\/header-welke-soorten-desktop-pc-zijn-er.jpg-300x94.webp 300w, https:\/\/wp06.btsndrc-ifce.fr\/wp-content\/uploads\/2026\/01\/header-welke-soorten-desktop-pc-zijn-er.jpg-768x241.webp 768w\" sizes=\"auto, (max-width: 1019px) 100vw, 1019px\" \/><\/figure>\n<\/div>\n<\/div>\n\n\n\n<hr class=\"wp-block-separator has-alpha-channel-opacity\"\/>\n\n\n\n<h2 class=\"wp-block-heading has-text-color has-link-color wp-elements-19953b2a8d31c6e7f60140304dc21ecd\" style=\"color:#005ff9\">Galerie<\/h2>\n\n\n\n<hr class=\"wp-block-separator has-alpha-channel-opacity\"\/>\n\n\n\n<figure class=\"wp-block-gallery has-nested-images columns-4 is-cropped wp-block-gallery-1 is-layout-flex wp-block-gallery-is-layout-flex\">\n<figure class=\"wp-block-image size-large\"><img loading=\"lazy\" decoding=\"async\" width=\"1019\" height=\"320\" data-id=\"26\" src=\"https:\/\/wp06.btsndrc-ifce.fr\/wp-content\/uploads\/2026\/01\/header-welke-soorten-desktop-pc-zijn-er.jpg.webp\" alt=\"\" class=\"wp-image-26\" style=\"aspect-ratio:1\" srcset=\"https:\/\/wp06.btsndrc-ifce.fr\/wp-content\/uploads\/2026\/01\/header-welke-soorten-desktop-pc-zijn-er.jpg.webp 1019w, https:\/\/wp06.btsndrc-ifce.fr\/wp-content\/uploads\/2026\/01\/header-welke-soorten-desktop-pc-zijn-er.jpg-300x94.webp 300w, https:\/\/wp06.btsndrc-ifce.fr\/wp-content\/uploads\/2026\/01\/header-welke-soorten-desktop-pc-zijn-er.jpg-768x241.webp 768w\" sizes=\"auto, (max-width: 1019px) 100vw, 1019px\" \/><\/figure>\n\n\n\n<figure class=\"wp-block-image size-large\"><img loading=\"lazy\" decoding=\"async\" width=\"275\" height=\"183\" data-id=\"23\" src=\"https:\/\/wp06.btsndrc-ifce.fr\/wp-content\/uploads\/2026\/01\/images-1.jpeg\" alt=\"\" class=\"wp-image-23\" style=\"aspect-ratio:1\"\/><\/figure>\n\n\n\n<figure class=\"wp-block-image size-large\"><img loading=\"lazy\" decoding=\"async\" width=\"275\" height=\"183\" data-id=\"22\" src=\"https:\/\/wp06.btsndrc-ifce.fr\/wp-content\/uploads\/2026\/01\/images.jpeg\" alt=\"\" class=\"wp-image-22\" style=\"aspect-ratio:1\"\/><\/figure>\n\n\n\n<figure class=\"wp-block-image size-large\"><img loading=\"lazy\" decoding=\"async\" width=\"612\" height=\"262\" data-id=\"21\" src=\"https:\/\/wp06.btsndrc-ifce.fr\/wp-content\/uploads\/2026\/01\/istockphoto-2152993384-612x612-2.jpg\" alt=\"\" class=\"wp-image-21\" style=\"aspect-ratio:1\" srcset=\"https:\/\/wp06.btsndrc-ifce.fr\/wp-content\/uploads\/2026\/01\/istockphoto-2152993384-612x612-2.jpg 612w, https:\/\/wp06.btsndrc-ifce.fr\/wp-content\/uploads\/2026\/01\/istockphoto-2152993384-612x612-2-300x128.jpg 300w\" sizes=\"auto, (max-width: 612px) 100vw, 612px\" \/><\/figure>\n\n\n\n<figure class=\"wp-block-image size-large\"><img loading=\"lazy\" decoding=\"async\" width=\"612\" height=\"262\" data-id=\"20\" src=\"https:\/\/wp06.btsndrc-ifce.fr\/wp-content\/uploads\/2026\/01\/istockphoto-2152993384-612x612-1.jpg\" alt=\"\" class=\"wp-image-20\" style=\"aspect-ratio:1\" srcset=\"https:\/\/wp06.btsndrc-ifce.fr\/wp-content\/uploads\/2026\/01\/istockphoto-2152993384-612x612-1.jpg 612w, https:\/\/wp06.btsndrc-ifce.fr\/wp-content\/uploads\/2026\/01\/istockphoto-2152993384-612x612-1-300x128.jpg 300w\" sizes=\"auto, (max-width: 612px) 100vw, 612px\" \/><\/figure>\n\n\n\n<figure class=\"wp-block-image size-large\"><img loading=\"lazy\" decoding=\"async\" width=\"768\" height=\"512\" data-id=\"19\" src=\"https:\/\/wp06.btsndrc-ifce.fr\/wp-content\/uploads\/2026\/01\/image-2.png\" alt=\"\" class=\"wp-image-19\" style=\"aspect-ratio:1\" srcset=\"https:\/\/wp06.btsndrc-ifce.fr\/wp-content\/uploads\/2026\/01\/image-2.png 768w, https:\/\/wp06.btsndrc-ifce.fr\/wp-content\/uploads\/2026\/01\/image-2-300x200.png 300w\" sizes=\"auto, (max-width: 768px) 100vw, 768px\" \/><\/figure>\n\n\n\n<figure class=\"wp-block-image size-large\"><img loading=\"lazy\" decoding=\"async\" width=\"157\" height=\"147\" data-id=\"18\" src=\"https:\/\/wp06.btsndrc-ifce.fr\/wp-content\/uploads\/2026\/01\/image-1.png\" alt=\"\" class=\"wp-image-18\" style=\"aspect-ratio:1\"\/><\/figure>\n\n\n\n<figure class=\"wp-block-image size-large\"><img loading=\"lazy\" decoding=\"async\" width=\"256\" height=\"148\" data-id=\"17\" src=\"https:\/\/wp06.btsndrc-ifce.fr\/wp-content\/uploads\/2026\/01\/image.png\" alt=\"\" class=\"wp-image-17\" style=\"aspect-ratio:1\"\/><\/figure>\n<\/figure>\n\n\n\n<hr class=\"wp-block-separator has-alpha-channel-opacity\"\/>\n\n\n\n<h2 class=\"wp-block-heading has-text-color has-link-color wp-elements-63f3b87810f4ca2ea52789b812c242f3\" style=\"color:#0063ff\">Nos points forts<\/h2>\n\n\n\n<hr class=\"wp-block-separator has-alpha-channel-opacity\"\/>\n\n\n\n<div class=\"wp-block-columns is-not-stacked-on-mobile is-layout-flex wp-container-core-columns-is-layout-28f84493 wp-block-columns-is-layout-flex\">\n<div class=\"wp-block-column is-layout-flow wp-block-column-is-layout-flow\" style=\"flex-basis:30px\">\n<div class=\"wp-block-font-awesome-icon wp-font-awesome-icon\"><svg aria-hidden=\"true\" focusable=\"false\" data-prefix=\"fas\" data-icon=\"gear\" class=\"svg-inline--fa fa-gear \" role=\"img\" xmlns=\"http:\/\/www.w3.org\/2000\/svg\" viewBox=\"0 0 512 512\"><path fill=\"currentColor\" d=\"M195.1 9.5C198.1-5.3 211.2-16 226.4-16l59.8 0c15.2 0 28.3 10.7 31.3 25.5L332 79.5c14.1 6 27.3 13.7 39.3 22.8l67.8-22.5c14.4-4.8 30.2 1.2 37.8 14.4l29.9 51.8c7.6 13.2 4.9 29.8-6.5 39.9L447 233.3c.9 7.4 1.3 15 1.3 22.7s-.5 15.3-1.3 22.7l53.4 47.5c11.4 10.1 14 26.8 6.5 39.9l-29.9 51.8c-7.6 13.1-23.4 19.2-37.8 14.4l-67.8-22.5c-12.1 9.1-25.3 16.7-39.3 22.8l-14.4 69.9c-3.1 14.9-16.2 25.5-31.3 25.5l-59.8 0c-15.2 0-28.3-10.7-31.3-25.5l-14.4-69.9c-14.1-6-27.2-13.7-39.3-22.8L73.5 432.3c-14.4 4.8-30.2-1.2-37.8-14.4L5.8 366.1c-7.6-13.2-4.9-29.8 6.5-39.9l53.4-47.5c-.9-7.4-1.3-15-1.3-22.7s.5-15.3 1.3-22.7L12.3 185.8c-11.4-10.1-14-26.8-6.5-39.9L35.7 94.1c7.6-13.2 23.4-19.2 37.8-14.4l67.8 22.5c12.1-9.1 25.3-16.7 39.3-22.8L195.1 9.5zM256.3 336a80 80 0 1 0 -.6-160 80 80 0 1 0 .6 160z\"><\/path><\/svg><\/div>\n<\/div>\n\n\n\n<div class=\"wp-block-column is-layout-flow wp-block-column-is-layout-flow\" style=\"flex-basis:120px\">\n<p class=\"has-small-font-size\">Expertise<\/p>\n\n\n\n<p class=\"has-small-font-size\">des solutions adaptes a vos goutes<\/p>\n<\/div>\n\n\n\n<div class=\"wp-block-column is-layout-flow wp-block-column-is-layout-flow\" style=\"flex-basis:25px\">\n<div class=\"wp-block-font-awesome-icon wp-font-awesome-icon\"><svg aria-hidden=\"true\" focusable=\"false\" data-prefix=\"fas\" data-icon=\"medal\" class=\"svg-inline--fa fa-medal \" role=\"img\" xmlns=\"http:\/\/www.w3.org\/2000\/svg\" viewBox=\"0 0 448 512\"><path fill=\"currentColor\" d=\"M224.3 128L139.7-12.9c-6.5-10.8-20.1-14.7-31.3-9.1L21.8 21.3C9.9 27.2 5.1 41.6 11 53.5L80.6 192.6c-30.1 33.9-48.3 78.5-48.3 127.4 0 106 86 192 192 192s192-86 192-192c0-48.9-18.3-93.5-48.3-127.4L437.6 53.5c5.9-11.9 1.1-26.3-10.7-32.2L340.2-22.1c-11.2-5.6-24.9-1.6-31.3 9.1L224.3 128zm30.8 142.5c1.4 2.8 4 4.7 7 5.1l50.1 7.3c7.7 1.1 10.7 10.5 5.2 16l-36.3 35.4c-2.2 2.2-3.2 5.2-2.7 8.3l8.6 49.9c1.3 7.6-6.7 13.5-13.6 9.9l-44.8-23.6c-2.7-1.4-6-1.4-8.7 0l-44.8 23.6c-6.9 3.6-14.9-2.2-13.6-9.9l8.6-49.9c.5-3-.5-6.1-2.7-8.3l-36.3-35.4c-5.6-5.4-2.5-14.8 5.2-16l50.1-7.3c3-.4 5.7-2.4 7-5.1l22.4-45.4c3.4-7 13.3-7 16.8 0l22.4 45.4z\"><\/path><\/svg><\/div>\n<\/div>\n\n\n\n<div class=\"wp-block-column is-layout-flow wp-block-column-is-layout-flow\" style=\"flex-basis:100px\">\n<p class=\"has-small-font-size\">Qualit\u00e9<\/p>\n\n\n\n<p class=\"has-small-font-size\">un service fiable et efficace <\/p>\n<\/div>\n\n\n\n<div class=\"wp-block-column is-layout-flow wp-block-column-is-layout-flow\" style=\"flex-basis:25px\">\n<div class=\"wp-block-font-awesome-icon wp-font-awesome-icon\"><svg aria-hidden=\"true\" focusable=\"false\" data-prefix=\"fas\" data-icon=\"rocket\" class=\"svg-inline--fa fa-rocket \" role=\"img\" xmlns=\"http:\/\/www.w3.org\/2000\/svg\" viewBox=\"0 0 512 512\"><path fill=\"currentColor\" d=\"M128 320L24.5 320c-24.9 0-40.2-27.1-27.4-48.5L50 183.3C58.7 168.8 74.3 160 91.2 160l95 0c76.1-128.9 189.6-135.4 265.5-124.3 12.8 1.9 22.8 11.9 24.6 24.6 11.1 75.9 4.6 189.4-124.3 265.5l0 95c0 16.9-8.8 32.5-23.3 41.2l-88.2 52.9c-21.3 12.8-48.5-2.6-48.5-27.4L192 384c0-35.3-28.7-64-64-64l-.1 0zM400 160a48 48 0 1 0 -96 0 48 48 0 1 0 96 0z\"><\/path><\/svg><\/div>\n<\/div>\n\n\n\n<div class=\"wp-block-column is-layout-flow wp-block-column-is-layout-flow\" style=\"flex-basis:126px\">\n<p class=\"has-small-font-size\">Performance<\/p>\n\n\n\n<p class=\"has-small-font-size\">des r\u00e9sultats rapides et concret <\/p>\n<\/div>\n\n\n\n<div class=\"wp-block-column is-layout-flow wp-block-column-is-layout-flow\">\n<div class=\"wp-block-font-awesome-icon wp-font-awesome-icon\"><svg aria-hidden=\"true\" focusable=\"false\" data-prefix=\"fas\" data-icon=\"shield-halved\" class=\"svg-inline--fa fa-shield-halved \" role=\"img\" xmlns=\"http:\/\/www.w3.org\/2000\/svg\" viewBox=\"0 0 512 512\"><path fill=\"currentColor\" d=\"M256 0c4.6 0 9.2 1 13.4 2.9L457.8 82.8c22 9.3 38.4 31 38.3 57.2-.5 99.2-41.3 280.7-213.6 363.2-16.7 8-36.1 8-52.8 0-172.4-82.5-213.1-264-213.6-363.2-.1-26.2 16.3-47.9 38.3-57.2L242.7 2.9C246.9 1 251.4 0 256 0zm0 66.8l0 378.1c138-66.8 175.1-214.8 176-303.4l-176-74.6 0 0z\"><\/path><\/svg><\/div>\n<\/div>\n\n\n\n<div class=\"wp-block-column is-layout-flow wp-block-column-is-layout-flow\" style=\"flex-basis:120px\">\n<p class=\"has-small-font-size\">Fiabilit\u00e9<\/p>\n\n\n\n<p class=\"has-small-font-size\">Votre satisfactio, notre propri\u00e9t\u00e9 <\/p>\n<\/div>\n<\/div>\n","protected":false},"excerpt":{"rendered":"<p>Introduction Bienvenue sur cette page mod\u00e9le. Elle pr\u00e9sente les blocs essentiels \u00e0 utiliser sur WordPress : titres, texte, tableaux, citations, [&hellip;]<\/p>\n","protected":false},"author":1,"featured_media":0,"parent":0,"menu_order":0,"comment_status":"closed","ping_status":"closed","template":"","meta":{"_uag_custom_page_level_css":"","site-sidebar-layout":"default","site-content-layout":"","ast-site-content-layout":"default","site-content-style":"default","site-sidebar-style":"default","ast-global-header-display":"","ast-banner-title-visibility":"","ast-main-header-display":"","ast-hfb-above-header-display":"","ast-hfb-below-header-display":"","ast-hfb-mobile-header-display":"","site-post-title":"","ast-breadcrumbs-content":"","ast-featured-img":"","footer-sml-layout":"","ast-disable-related-posts":"","theme-transparent-header-meta":"","adv-header-id-meta":"","stick-header-meta":"","header-above-stick-meta":"","header-main-stick-meta":"","header-below-stick-meta":"","astra-migrate-meta-layouts":"default","ast-page-background-enabled":"default","ast-page-background-meta":{"desktop":{"background-color":"var(--ast-global-color-5)","background-image":"","background-repeat":"repeat","background-position":"center center","background-size":"auto","background-attachment":"scroll","background-type":"","background-media":"","overlay-type":"","overlay-color":"","overlay-opacity":"","overlay-gradient":""},"tablet":{"background-color":"","background-image":"","background-repeat":"repeat","background-position":"center center","background-size":"auto","background-attachment":"scroll","background-type":"","background-media":"","overlay-type":"","overlay-color":"","overlay-opacity":"","overlay-gradient":""},"mobile":{"background-color":"","background-image":"","background-repeat":"repeat","background-position":"center center","background-size":"auto","background-attachment":"scroll","background-type":"","background-media":"","overlay-type":"","overlay-color":"","overlay-opacity":"","overlay-gradient":""}},"ast-content-background-meta":{"desktop":{"background-color":"var(--ast-global-color-4)","background-image":"","background-repeat":"repeat","background-position":"center center","background-size":"auto","background-attachment":"scroll","background-type":"","background-media":"","overlay-type":"","overlay-color":"","overlay-opacity":"","overlay-gradient":""},"tablet":{"background-color":"var(--ast-global-color-4)","background-image":"","background-repeat":"repeat","background-position":"center center","background-size":"auto","background-attachment":"scroll","background-type":"","background-media":"","overlay-type":"","overlay-color":"","overlay-opacity":"","overlay-gradient":""},"mobile":{"background-color":"var(--ast-global-color-4)","background-image":"","background-repeat":"repeat","background-position":"center center","background-size":"auto","background-attachment":"scroll","background-type":"","background-media":"","overlay-type":"","overlay-color":"","overlay-opacity":"","overlay-gradient":""}},"footnotes":""},"class_list":["post-13","page","type-page","status-publish","hentry"],"yoast_head":"<!-- This site is optimized with the Yoast SEO plugin v27.2 - https:\/\/yoast.com\/product\/yoast-seo-wordpress\/ -->\n<title>exercice 1 - BTS NDRC - WordPress wp06<\/title>\n<meta name=\"robots\" content=\"index, follow, max-snippet:-1, max-image-preview:large, max-video-preview:-1\" \/>\n<link rel=\"canonical\" href=\"https:\/\/wp06.btsndrc-ifce.fr\/?page_id=13\" \/>\n<meta property=\"og:locale\" content=\"fr_FR\" \/>\n<meta property=\"og:type\" content=\"article\" \/>\n<meta property=\"og:title\" content=\"exercice 1 - BTS NDRC - WordPress wp06\" \/>\n<meta property=\"og:description\" content=\"Introduction Bienvenue sur cette page mod\u00e9le. Elle pr\u00e9sente les blocs essentiels \u00e0 utiliser sur WordPress : titres, texte, tableaux, citations, [&hellip;]\" \/>\n<meta property=\"og:url\" content=\"https:\/\/wp06.btsndrc-ifce.fr\/?page_id=13\" \/>\n<meta property=\"og:site_name\" content=\"BTS NDRC - WordPress wp06\" \/>\n<meta property=\"article:modified_time\" content=\"2026-01-22T15:22:51+00:00\" \/>\n<meta property=\"og:image\" content=\"https:\/\/wp06.btsndrc-ifce.fr\/wp-content\/uploads\/2026\/01\/image-2.png\" \/>\n\t<meta property=\"og:image:width\" content=\"768\" \/>\n\t<meta property=\"og:image:height\" content=\"512\" \/>\n\t<meta property=\"og:image:type\" content=\"image\/png\" \/>\n<meta name=\"twitter:card\" content=\"summary_large_image\" \/>\n<meta name=\"twitter:label1\" content=\"Dur\u00e9e de lecture estim\u00e9e\" \/>\n\t<meta name=\"twitter:data1\" content=\"1 minute\" \/>\n<script type=\"application\/ld+json\" class=\"yoast-schema-graph\">{\"@context\":\"https:\/\/schema.org\",\"@graph\":[{\"@type\":\"WebPage\",\"@id\":\"https:\/\/wp06.btsndrc-ifce.fr\/?page_id=13\",\"url\":\"https:\/\/wp06.btsndrc-ifce.fr\/?page_id=13\",\"name\":\"exercice 1 - BTS NDRC - WordPress wp06\",\"isPartOf\":{\"@id\":\"https:\/\/wp06.btsndrc-ifce.fr\/#website\"},\"primaryImageOfPage\":{\"@id\":\"https:\/\/wp06.btsndrc-ifce.fr\/?page_id=13#primaryimage\"},\"image\":{\"@id\":\"https:\/\/wp06.btsndrc-ifce.fr\/?page_id=13#primaryimage\"},\"thumbnailUrl\":\"https:\/\/wp06.btsndrc-ifce.fr\/wp-content\/uploads\/2026\/01\/image-2.png\",\"datePublished\":\"2026-01-22T12:46:47+00:00\",\"dateModified\":\"2026-01-22T15:22:51+00:00\",\"breadcrumb\":{\"@id\":\"https:\/\/wp06.btsndrc-ifce.fr\/?page_id=13#breadcrumb\"},\"inLanguage\":\"fr-FR\",\"potentialAction\":[{\"@type\":\"ReadAction\",\"target\":[\"https:\/\/wp06.btsndrc-ifce.fr\/?page_id=13\"]}]},{\"@type\":\"ImageObject\",\"inLanguage\":\"fr-FR\",\"@id\":\"https:\/\/wp06.btsndrc-ifce.fr\/?page_id=13#primaryimage\",\"url\":\"https:\/\/wp06.btsndrc-ifce.fr\/wp-content\/uploads\/2026\/01\/image-2.png\",\"contentUrl\":\"https:\/\/wp06.btsndrc-ifce.fr\/wp-content\/uploads\/2026\/01\/image-2.png\",\"width\":768,\"height\":512},{\"@type\":\"BreadcrumbList\",\"@id\":\"https:\/\/wp06.btsndrc-ifce.fr\/?page_id=13#breadcrumb\",\"itemListElement\":[{\"@type\":\"ListItem\",\"position\":1,\"name\":\"Home\",\"item\":\"https:\/\/wp06.btsndrc-ifce.fr\/\"},{\"@type\":\"ListItem\",\"position\":2,\"name\":\"exercice 1\"}]},{\"@type\":\"WebSite\",\"@id\":\"https:\/\/wp06.btsndrc-ifce.fr\/#website\",\"url\":\"https:\/\/wp06.btsndrc-ifce.fr\/\",\"name\":\"BTS NDRC - WordPress wp06\",\"description\":\"\",\"potentialAction\":[{\"@type\":\"SearchAction\",\"target\":{\"@type\":\"EntryPoint\",\"urlTemplate\":\"https:\/\/wp06.btsndrc-ifce.fr\/?s={search_term_string}\"},\"query-input\":{\"@type\":\"PropertyValueSpecification\",\"valueRequired\":true,\"valueName\":\"search_term_string\"}}],\"inLanguage\":\"fr-FR\"}]}<\/script>\n<!-- \/ Yoast SEO plugin. -->","yoast_head_json":{"title":"exercice 1 - BTS NDRC - WordPress wp06","robots":{"index":"index","follow":"follow","max-snippet":"max-snippet:-1","max-image-preview":"max-image-preview:large","max-video-preview":"max-video-preview:-1"},"canonical":"https:\/\/wp06.btsndrc-ifce.fr\/?page_id=13","og_locale":"fr_FR","og_type":"article","og_title":"exercice 1 - BTS NDRC - WordPress wp06","og_description":"Introduction Bienvenue sur cette page mod\u00e9le. Elle pr\u00e9sente les blocs essentiels \u00e0 utiliser sur WordPress : titres, texte, tableaux, citations, [&hellip;]","og_url":"https:\/\/wp06.btsndrc-ifce.fr\/?page_id=13","og_site_name":"BTS NDRC - WordPress wp06","article_modified_time":"2026-01-22T15:22:51+00:00","og_image":[{"width":768,"height":512,"url":"https:\/\/wp06.btsndrc-ifce.fr\/wp-content\/uploads\/2026\/01\/image-2.png","type":"image\/png"}],"twitter_card":"summary_large_image","twitter_misc":{"Dur\u00e9e de lecture estim\u00e9e":"1 minute"},"schema":{"@context":"https:\/\/schema.org","@graph":[{"@type":"WebPage","@id":"https:\/\/wp06.btsndrc-ifce.fr\/?page_id=13","url":"https:\/\/wp06.btsndrc-ifce.fr\/?page_id=13","name":"exercice 1 - BTS NDRC - WordPress wp06","isPartOf":{"@id":"https:\/\/wp06.btsndrc-ifce.fr\/#website"},"primaryImageOfPage":{"@id":"https:\/\/wp06.btsndrc-ifce.fr\/?page_id=13#primaryimage"},"image":{"@id":"https:\/\/wp06.btsndrc-ifce.fr\/?page_id=13#primaryimage"},"thumbnailUrl":"https:\/\/wp06.btsndrc-ifce.fr\/wp-content\/uploads\/2026\/01\/image-2.png","datePublished":"2026-01-22T12:46:47+00:00","dateModified":"2026-01-22T15:22:51+00:00","breadcrumb":{"@id":"https:\/\/wp06.btsndrc-ifce.fr\/?page_id=13#breadcrumb"},"inLanguage":"fr-FR","potentialAction":[{"@type":"ReadAction","target":["https:\/\/wp06.btsndrc-ifce.fr\/?page_id=13"]}]},{"@type":"ImageObject","inLanguage":"fr-FR","@id":"https:\/\/wp06.btsndrc-ifce.fr\/?page_id=13#primaryimage","url":"https:\/\/wp06.btsndrc-ifce.fr\/wp-content\/uploads\/2026\/01\/image-2.png","contentUrl":"https:\/\/wp06.btsndrc-ifce.fr\/wp-content\/uploads\/2026\/01\/image-2.png","width":768,"height":512},{"@type":"BreadcrumbList","@id":"https:\/\/wp06.btsndrc-ifce.fr\/?page_id=13#breadcrumb","itemListElement":[{"@type":"ListItem","position":1,"name":"Home","item":"https:\/\/wp06.btsndrc-ifce.fr\/"},{"@type":"ListItem","position":2,"name":"exercice 1"}]},{"@type":"WebSite","@id":"https:\/\/wp06.btsndrc-ifce.fr\/#website","url":"https:\/\/wp06.btsndrc-ifce.fr\/","name":"BTS NDRC - WordPress wp06","description":"","potentialAction":[{"@type":"SearchAction","target":{"@type":"EntryPoint","urlTemplate":"https:\/\/wp06.btsndrc-ifce.fr\/?s={search_term_string}"},"query-input":{"@type":"PropertyValueSpecification","valueRequired":true,"valueName":"search_term_string"}}],"inLanguage":"fr-FR"}]}},"uagb_featured_image_src":{"full":false,"thumbnail":false,"medium":false,"medium_large":false,"large":false,"1536x1536":false,"2048x2048":false},"uagb_author_info":{"display_name":"ndrc_wp06","author_link":"https:\/\/wp06.btsndrc-ifce.fr\/?author=1"},"uagb_comment_info":0,"uagb_excerpt":"Introduction Bienvenue sur cette page mod\u00e9le. Elle pr\u00e9sente les blocs essentiels \u00e0 utiliser sur WordPress : titres, texte, tableaux, citations, [&hellip;]","_links":{"self":[{"href":"https:\/\/wp06.btsndrc-ifce.fr\/index.php?rest_route=\/wp\/v2\/pages\/13","targetHints":{"allow":["GET"]}}],"collection":[{"href":"https:\/\/wp06.btsndrc-ifce.fr\/index.php?rest_route=\/wp\/v2\/pages"}],"about":[{"href":"https:\/\/wp06.btsndrc-ifce.fr\/index.php?rest_route=\/wp\/v2\/types\/page"}],"author":[{"embeddable":true,"href":"https:\/\/wp06.btsndrc-ifce.fr\/index.php?rest_route=\/wp\/v2\/users\/1"}],"replies":[{"embeddable":true,"href":"https:\/\/wp06.btsndrc-ifce.fr\/index.php?rest_route=%2Fwp%2Fv2%2Fcomments&post=13"}],"version-history":[{"count":9,"href":"https:\/\/wp06.btsndrc-ifce.fr\/index.php?rest_route=\/wp\/v2\/pages\/13\/revisions"}],"predecessor-version":[{"id":33,"href":"https:\/\/wp06.btsndrc-ifce.fr\/index.php?rest_route=\/wp\/v2\/pages\/13\/revisions\/33"}],"wp:attachment":[{"href":"https:\/\/wp06.btsndrc-ifce.fr\/index.php?rest_route=%2Fwp%2Fv2%2Fmedia&parent=13"}],"curies":[{"name":"wp","href":"https:\/\/api.w.org\/{rel}","templated":true}]}}